{"id":1825,"date":"2020-04-15T15:43:59","date_gmt":"2020-04-15T13:43:59","guid":{"rendered":"https:\/\/www.mysunsetprojects.com\/?page_id=1825"},"modified":"2021-04-25T21:34:38","modified_gmt":"2021-04-25T19:34:38","slug":"sobre-nosotros","status":"publish","type":"page","link":"https:\/\/www.mysunsetprojects.com\/index.php\/es\/sobre-nosotros\/","title":{"rendered":"Nosotros"},"content":{"rendered":"<p>[vc_row][vc_column][vc_column_text]w[\/vc_column_text][\/vc_column][\/vc_row][vc_row fullwidth=&#8221;yes&#8221; css=&#8221;.vc_custom_1474447018555{background-position: 0 0 !important;background-repeat: no-repeat !important;}&#8221; el_class=&#8221;side-bg no-padding&#8221;][vc_column]\t<!-- Element: OT Quick Office -->\n\t<div class=\"side-bg\">\n\n\t\t<div class=\"image-container hidden-xs pull-left col-md-5\" style=\"background-image:url(https:\/\/www.mysunsetprojects.com\/wp-content\/uploads\/2015\/07\/bg-side-11.jpg); ?>\" data-delay=\"0\"><\/div>\n\n\t\t<!-- Added this code in 26\/03\/2019 -->\n\t\t<img class=\"visible-xs img-responsive\" src=\"https:\/\/www.mysunsetprojects.com\/wp-content\/uploads\/2015\/07\/bg-side-11.jpg\" \/>\n\n        <div class=\"container\">\n            <div class=\"row\">\n                <div class=\"inner-padding\">\n                    <div class=\"col-md-6 col-md-offset-6 wow fadeInRight\" data-wow-delay=\".2s\">\n                        <h2><\/h2><br\/>\n                        <\/p>\n<div class=\"w3-container\">\n<p class=\"text-left element-top-20 element-bottom-20 text-normal os-animation normal default animated fadeInLeft\" data-os-animation=\"fadeInLeft\" data-os-animation-delay=\"0s\"><strong>Nosotros proyectamos y ejecutamos\u00a0<\/strong><\/p>\n<div class=\"fusion-layout-column fusion_builder_column fusion_builder_column_1_2 fusion-one-half fusion-column-first mass-intro 1_2\">\n<div class=\"fusion-column-wrapper\" data-bg-url=\"\">\n<div class=\"fusion-text\">\n<p>Espacios interiores y exteriores personalizados y adaptados a las necesidades espec\u00edficas de cada propietario.<br \/>\nDise\u00f1o de interiores, proyectos de contrato integral llave en mano.<\/p>\n<\/div>\n<\/div>\n<\/div>\n<p><strong>Nosotros podemos:<\/strong><\/p>\n<div class=\"fusion-layout-column fusion_builder_column fusion_builder_column_1_2 fusion-one-half fusion-column-first mass-intro 1_2\">\n<div class=\"fusion-column-wrapper\" data-bg-url=\"\">\n<div class=\"fusion-text\">\n<p>Preparar el concepto.<br \/>\nGestionar los proyectos de principio a fin.<br \/>\nSupervisi\u00f3n in situ en todo momento.<br \/>\nGarantizar la plena satisfacci\u00f3n del cliente al finalizar.<\/p>\n<p><strong>Usted consigue:<\/strong><\/p>\n<\/div>\n<\/div>\n<\/div>\n<div class=\"fusion-layout-column fusion_builder_column fusion_builder_column_1_2 fusion-one-half fusion-column-first mass-intro 1_2\">\n<div class=\"fusion-column-wrapper\" data-bg-url=\"\">\n<p>Gesti\u00f3n y coordinaci\u00f3n integral de proyectos.<br \/>\nMinimizar los riesgos y los costos, pudiendo trabajar dentro del presupuesto acordado.<br \/>\nProyecto entregado a tiempo.<br \/>\nGarantizar un buen resultado y m\u00e1xima calidad<\/p>\n<p><span style=\"color: #003300;\"><strong>Nuestros valores:<\/strong><\/span><\/p>\n<p>Compromiso<br \/>\nOrientaci\u00f3n<br \/>\nDeterminaci\u00f3n<br \/>\nCalidad<br \/>\nHonestidad<\/p>\n<p><strong>Nuestro objetivo es priorizar la plena satisfacci\u00f3n del cliente, facilitando:<\/strong><\/p>\n<\/div>\n<\/div>\n<div class=\"fusion-layout-column fusion_builder_column fusion_builder_column_1_2 fusion-one-half fusion-column-first mass-intro 1_2\">\n<div class=\"fusion-column-wrapper\" data-bg-url=\"\">\n<div class=\"fusion-text\">\n<p>Gesti\u00f3n y coordinaci\u00f3n integral del proyecto.<\/p>\n<p>\u00danico responsable de proyecto o interlocutor.<\/p>\n<p>Minimice los riesgos y los costos, trabando a un precio cerrado.<\/p>\n<p>Comunicaci\u00f3n en espa\u00f1ol e ingl\u00e9s.<\/p>\n<\/div>\n<\/div>\n<\/div>\n<div class=\"fusion-layout-column fusion_builder_column fusion_builder_column_1_2 fusion-one-half fusion-column-first mass-intro 1_2\">\n<div class=\"fusion-column-wrapper\" data-bg-url=\"\">\n<div class=\"fusion-text\"><\/div>\n<div class=\"fusion-clearfix\"><\/div>\n<\/div>\n<\/div>\n<p>&nbsp;<\/p>\n<\/div>\n<p>                    <\/div>\n                    <div class=\"clearfix\"><\/div>\n                <\/div>\n            <\/div>\n        <\/div>\n\t<\/div>\n\n[\/vc_column][\/vc_row][vc_row css=&#8221;.vc_custom_1495705952142{padding-top: 90px !important;padding-bottom: 90px !important;background-image: url(http:\/\/dev.mysunset.es\/wp-content\/uploads\/2015\/10\/bg-3.jpg?id=815) !important;background-position: center !important;background-repeat: no-repeat !important;background-size: cover !important;}&#8221; el_class=&#8221;text-light bg-fixed&#8221;][vc_column animate=&#8221;fadeinup&#8221;]\n\t<!-- Element: OT Heading --> \t \n\t<h1 class=\"ot_custom_heading  \" style=\"text-align: center;color: #ffffff;\" >Customer Says<\/h1>\t\n\t<!-- Element: OT Line solid --> \t \n\t<div class=\" separator \"><span><i class=\"fa fa-circle\"><\/i><\/span><\/div>\n\t<div class=\"spacer-single\"><\/div>\t      \n[\/vc_column][\/vc_row][vc_row][vc_column]\t<!-- Element: OT Testimonial Grid -->\n\t<div class=\"testimonial-masonry\">\n\t\t<div class=\"col-md-3 item-testi-grid-sizer\"><\/div>\n\t\t\t\t\t<div class=\"col-md-3 item\">\n\t\t\t\t<div class=\"de_testi\">\n\t\t\t\t\t<blockquote>\n\t\t\t\t\t\t<p><span style=\"font-weight: 400;\">Este es comentario de un cliente muy satisfecho, con las modificaciones realizadas en mi hogar. Es importante poder contar con una empresa de reformas que se comprometa a lo que puede cumplir y lo haga. My Sunset, en mi caso, se comprometi\u00f3, en un precio realmente competitivo y en un plazo razonable, a realizar las modificaciones que mi vivienda necesitaba, y no s\u00f3lo las cumpli\u00f3, adem\u00e1s me hizo propuestas de mejoras que consideraron convenientes y que admit\u00ed.<br \/>\n<\/span><span style=\"font-weight: 400;\">Todas fueron finalmente un gran acierto. Considero esta empresa altamente recomendable y espero sigan cuidando en todos sus trabajos, el respeto a los compromisos adquiridos al inicio de la obra, como en mi caso ha sido.<br \/>\n<\/span><span style=\"font-weight: 400;\">As\u00ed s\u00ed se pueden hacer reformas y seguir disfrutando del d\u00eda a d\u00eda.\u00a0<\/span><\/p>\n<p><span style=\"font-weight: 400;\">Gracias My Sunset y hasta la pr\u00f3xima.<\/span><\/p>\n\t\t\t\t\t\t<div class=\"de_testi_by\">\n\t\t\t\t\t\t\t\t\t\t\t\t\t\t<div class=\"de_testi_company\">\n\t\t\t\t\t\t\t\t<strong>Oscar del Amo<\/strong>, Customer\t\t\t\t\t\t\t<\/div>\n\t\t\t\t\t\t<\/div>\n\t\t\t\t\t<\/blockquote>\t\t\t\t\t\n\t\t\t\t<\/div>\n\t\t\t<\/div>     \n\t\t\t\t\t<div class=\"col-md-3 item\">\n\t\t\t\t<div class=\"de_testi\">\n\t\t\t\t\t<blockquote>\n\t\t\t\t\t\t<p><span style=\"font-weight: 400;\">La \u00faltima semana de enero contactamos con My Sunset para reformar un local de oficinas convirti\u00e9ndolo en una peluquer\u00eda, con nueva distribuci\u00f3n, nueva instalaci\u00f3n de electricidad y fontaner\u00eda, etc&#8230;<br \/>\n<\/span><span style=\"font-weight: 400;\">La idea era abrir en marzo, algo que parec\u00eda dif\u00edcil de conseguir pues requer\u00edamos una muy buena planificaci\u00f3n y coordinaciones necesitamos de todos los oficios habituales en la construcci\u00f3n (alba\u00f1il, aluminio, fontaner\u00eda, electricidad, carpintero, pintura, climatizaci\u00f3n, etc).<br \/>\n<\/span><span style=\"font-weight: 400;\">My Sunset se encarg\u00f3 de todo y nos hizo un servicio muy eficaz llave en mano.<br \/>\n<\/span><span style=\"font-weight: 400;\">El objetivo fue conseguido, en plazo y en precio justo. hemos quedado muy satisfechos con todo el equipo de My Sunset. Enhorabuena por vuestro gran trabajo.<\/span><\/p>\n\t\t\t\t\t\t<div class=\"de_testi_by\">\n\t\t\t\t\t\t\t\t\t\t\t\t\t\t<div class=\"de_testi_company\">\n\t\t\t\t\t\t\t\t<strong>Miguel Madrid<\/strong>\t\t\t\t\t\t\t<\/div>\n\t\t\t\t\t\t<\/div>\n\t\t\t\t\t<\/blockquote>\t\t\t\t\t\n\t\t\t\t<\/div>\n\t\t\t<\/div>     \n\t\t\t\t\t<div class=\"col-md-3 item\">\n\t\t\t\t<div class=\"de_testi\">\n\t\t\t\t\t<blockquote>\n\t\t\t\t\t\t<p><span style=\"font-weight: 400;\">Quisiera agradecerle el excelente servicio que recib\u00ed en la restauraci\u00f3n de mi vivienda. Las estimaciones de la reparaci\u00f3n que hab\u00eda recibido de otras empresas me dejaron con poca esperanza de poder hacer una reforma de bajo coste; sin embargo, My Sunset me present\u00f3 alternativas que se adaptaron perfectamente a mi econom\u00eda y cubri\u00f3 perfectamente mis necesidades. Tener una empresa de este \u00e1mbito en la que se puede confiar me da una sensaci\u00f3n de seguridad que necesito en el mundo de hoy. La recomendar\u00e9 a todos mis amigos y conocidos, muchas gracias a todo el equipo de My Sunset.<\/span><\/p>\n\t\t\t\t\t\t<div class=\"de_testi_by\">\n\t\t\t\t\t\t\t\t\t\t\t\t\t\t<div class=\"de_testi_company\">\n\t\t\t\t\t\t\t\t<strong>Manuel Abad<\/strong>\t\t\t\t\t\t\t<\/div>\n\t\t\t\t\t\t<\/div>\n\t\t\t\t\t<\/blockquote>\t\t\t\t\t\n\t\t\t\t<\/div>\n\t\t\t<\/div>     \n\t\t\t\t\t<div class=\"col-md-3 item\">\n\t\t\t\t<div class=\"de_testi\">\n\t\t\t\t\t<blockquote>\n\t\t\t\t\t\t<p><span style=\"font-weight: 400;\">Servicio y trato muy profesional, S\u00faper satisfecha con todos los servicios prestados, hice la reforma de un local comercial y todo se ejecut\u00f3 seg\u00fan lo esperado, no solo hicieron una reforma si no que nos facilitaron las mejores alternativas adecu\u00e1ndose a nuestro bolsillo y necesidades. Muy recomendable.<\/span><\/p>\n\t\t\t\t\t\t<div class=\"de_testi_by\">\n\t\t\t\t\t\t\t\t\t\t\t\t\t\t<div class=\"de_testi_company\">\n\t\t\t\t\t\t\t\t<strong>May Cenldran<\/strong>\t\t\t\t\t\t\t<\/div>\n\t\t\t\t\t\t<\/div>\n\t\t\t\t\t<\/blockquote>\t\t\t\t\t\n\t\t\t\t<\/div>\n\t\t\t<\/div>     \n\t\t\t\t\t<div class=\"col-md-3 item\">\n\t\t\t\t<div class=\"de_testi\">\n\t\t\t\t\t<blockquote>\n\t\t\t\t\t\t<p><span style=\"font-weight: 400;\">We have been extremely pleased with work carried out by Joaquin and his team at MySunset. We would not hesitate to recommend him.<\/span><\/p>\n\t\t\t\t\t\t<div class=\"de_testi_by\">\n\t\t\t\t\t\t\t\t\t\t\t\t\t\t<div class=\"de_testi_company\">\n\t\t\t\t\t\t\t\t<strong>Alice Body<\/strong>\t\t\t\t\t\t\t<\/div>\n\t\t\t\t\t\t<\/div>\n\t\t\t\t\t<\/blockquote>\t\t\t\t\t\n\t\t\t\t<\/div>\n\t\t\t<\/div>     \n\t\t\t\t\t<div class=\"col-md-3 item\">\n\t\t\t\t<div class=\"de_testi\">\n\t\t\t\t\t<blockquote>\n\t\t\t\t\t\t<p>This company came highly recommend as a highly organised and competent company with a can do positive solution focused attitude. Their project management team took complete control of my project working along side me all the way, which alleviated me of all the stress that this amount of work would of caused by managing it all on my behalf. My house underwent a complete remodle from top to bottom, and my pool renewed with such an excellent eye for detail. I could not have done all this with out them and delivered within budget.<br \/>\nI am over the moon!!<br \/>\nThank you My Sunset!<\/p>\n<p>Sue Sampson<\/p>\n\t\t\t\t\t\t<div class=\"de_testi_by\">\n\t\t\t\t\t\t\t\t\t\t\t\t\t\t<div class=\"de_testi_company\">\n\t\t\t\t\t\t\t\t<strong>Redise\u00f1o integral y renovaci\u00f3n de villa en Mosa<\/strong>\t\t\t\t\t\t\t<\/div>\n\t\t\t\t\t\t<\/div>\n\t\t\t\t\t<\/blockquote>\t\t\t\t\t\n\t\t\t\t<\/div>\n\t\t\t<\/div>     \n\t\t\t\t\t<div class=\"col-md-3 item\">\n\t\t\t\t<div class=\"de_testi\">\n\t\t\t\t\t<blockquote>\n\t\t\t\t\t\t<p>This company came highly recommend as a highly organised and competent company with a can do positive solution focused attitude. Their project management team took complete control of my project working along side me all the way, which alleviated me of all the stress that this amount of work would of caused by managing it all on my behalf. My house underwent a complete remodle from top to bottom, and my pool renewed with such an excellent eye for detail. I could not have done all this with out them and delivered within budget.<br \/>\nI am over the moon!!<br \/>\nThank you My Sunset!<\/p>\n<p>Sue Sampson<\/p>\n\t\t\t\t\t\t<div class=\"de_testi_by\">\n\t\t\t\t\t\t\t\t\t\t\t\t\t\t<div class=\"de_testi_company\">\n\t\t\t\t\t\t\t\t<strong>Comprehensive Redesign and Refurb of  villa in Mosa<\/strong>, Customer\t\t\t\t\t\t\t<\/div>\n\t\t\t\t\t\t<\/div>\n\t\t\t\t\t<\/blockquote>\t\t\t\t\t\n\t\t\t\t<\/div>\n\t\t\t<\/div>     \n\t\t\t\t\t<div class=\"col-md-3 item\">\n\t\t\t\t<div class=\"de_testi\">\n\t\t\t\t\t<blockquote>\n\t\t\t\t\t\t<p><span style=\"font-weight: 400;\">Servicio y trato muy profesional, S\u00faper satisfecha con todos los servicios prestados, hice la reforma de un local comercial y todo se ejecut\u00f3 seg\u00fan lo esperado, no solo hicieron una reforma si no que nos facilitaron las mejores alternativas adecu\u00e1ndose a nuestro bolsillo y necesidades. Muy recomendable.<\/span><\/p>\n\t\t\t\t\t\t<div class=\"de_testi_by\">\n\t\t\t\t\t\t\t\t\t\t\t\t\t\t<div class=\"de_testi_company\">\n\t\t\t\t\t\t\t\t<strong>May Celdr\u00e1n<\/strong>\t\t\t\t\t\t\t<\/div>\n\t\t\t\t\t\t<\/div>\n\t\t\t\t\t<\/blockquote>\t\t\t\t\t\n\t\t\t\t<\/div>\n\t\t\t<\/div>     \n\t\t\t\t\t<div class=\"col-md-3 item\">\n\t\t\t\t<div class=\"de_testi\">\n\t\t\t\t\t<blockquote>\n\t\t\t\t\t\t<p><span style=\"font-weight: 400;\">We have been extremely pleased with work carried out by Joaquin and his team at MySunset. We would not hesitate to recommend him.<\/span><\/p>\n\t\t\t\t\t\t<div class=\"de_testi_by\">\n\t\t\t\t\t\t\t\t\t\t\t\t\t\t<div class=\"de_testi_company\">\n\t\t\t\t\t\t\t\t<strong>Alice Body<\/strong>, Customer\t\t\t\t\t\t\t<\/div>\n\t\t\t\t\t\t<\/div>\n\t\t\t\t\t<\/blockquote>\t\t\t\t\t\n\t\t\t\t<\/div>\n\t\t\t<\/div>     \n\t\t\t\t\t<div class=\"col-md-3 item\">\n\t\t\t\t<div class=\"de_testi\">\n\t\t\t\t\t<blockquote>\n\t\t\t\t\t\t<p><span style=\"font-weight: 400;\">Quisiera agradecerle el excelente servicio que recib\u00ed en la restauraci\u00f3n de mi vivienda. Las estimaciones de la reparaci\u00f3n que hab\u00eda recibido de otras empresas me dejaron con poca esperanza de poder hacer una reforma de bajo coste; sin embargo, My Sunset me present\u00f3 alternativas que se adaptaron perfectamente a mi econom\u00eda y cubri\u00f3 perfectamente mis necesidades. Tener una empresa de este \u00e1mbito en la que se puede confiar me da una sensaci\u00f3n de seguridad que necesito en el mundo de hoy. La recomendar\u00e9 a todos mis amigos y conocidos, muchas gracias a todo el equipo de My Sunset.<\/span><\/p>\n\t\t\t\t\t\t<div class=\"de_testi_by\">\n\t\t\t\t\t\t\t\t\t\t\t\t\t\t<div class=\"de_testi_company\">\n\t\t\t\t\t\t\t\t<strong>Manuel Abad<\/strong>, Customer\t\t\t\t\t\t\t<\/div>\n\t\t\t\t\t\t<\/div>\n\t\t\t\t\t<\/blockquote>\t\t\t\t\t\n\t\t\t\t<\/div>\n\t\t\t<\/div>     \n\t\t\t\t\t<div class=\"col-md-3 item\">\n\t\t\t\t<div class=\"de_testi\">\n\t\t\t\t\t<blockquote>\n\t\t\t\t\t\t<p><span style=\"font-weight: 400;\">La \u00faltima semana de enero contactamos con My Sunset para reformar un local de oficinas convirti\u00e9ndolo en una peluquer\u00eda, con nueva distribuci\u00f3n, nueva instalaci\u00f3n de electricidad y fontaner\u00eda, etc&#8230;<br \/>\n<\/span><span style=\"font-weight: 400;\">La idea era abrir en marzo, algo que parec\u00eda dif\u00edcil de conseguir pues requer\u00edamos una muy buena planificaci\u00f3n y coordinaciones necesitamos de todos los oficios habituales en la construcci\u00f3n (alba\u00f1il, aluminio, fontaner\u00eda, electricidad, carpintero, pintura, climatizaci\u00f3n, etc).<br \/>\n<\/span><span style=\"font-weight: 400;\">My Sunset se encarg\u00f3 de todo y nos hizo un servicio muy eficaz llave en mano.<br \/>\n<\/span><span style=\"font-weight: 400;\">El objetivo fue conseguido, en plazo y en precio justo. hemos quedado muy satisfechos con todo el equipo de My Sunset. Enhorabuena por vuestro gran trabajo. <\/span><\/p>\n\t\t\t\t\t\t<div class=\"de_testi_by\">\n\t\t\t\t\t\t\t\t\t\t\t\t\t\t<div class=\"de_testi_company\">\n\t\t\t\t\t\t\t\t<strong>Miguel Madrid<\/strong>, Customer\t\t\t\t\t\t\t<\/div>\n\t\t\t\t\t\t<\/div>\n\t\t\t\t\t<\/blockquote>\t\t\t\t\t\n\t\t\t\t<\/div>\n\t\t\t<\/div>     \n\t\t\t\t\t<div class=\"col-md-3 item\">\n\t\t\t\t<div class=\"de_testi\">\n\t\t\t\t\t<blockquote>\n\t\t\t\t\t\t<p><span style=\"font-weight: 400;\">Este es comentario de un cliente muy satisfecho, con las modificaciones realizadas en mi hogar. Es importante poder contar con una empresa de reformas que se comprometa a lo que puede cumplir y lo haga. My Sunset, en mi caso, se comprometi\u00f3, en un precio realmente competitivo y en un plazo razonable, a realizar las modificaciones que mi vivienda necesitaba, y no s\u00f3lo las cumpli\u00f3, adem\u00e1s me hizo propuestas de mejoras que consideraron convenientes y que admit\u00ed.<br \/>\n<\/span><span style=\"font-weight: 400;\">Todas fueron finalmente un gran acierto. Considero esta empresa altamente recomendable y espero sigan cuidando en todos sus trabajos, el respeto a los compromisos adquiridos al inicio de la obra, como en mi caso ha sido.<br \/>\n<\/span><span style=\"font-weight: 400;\">As\u00ed s\u00ed se pueden hacer reformas y seguir disfrutando del d\u00eda a d\u00eda.\u00a0<\/span><\/p>\n<p><span style=\"font-weight: 400;\">Gracias My Sunset y hasta la pr\u00f3xima.<\/span><\/p>\n\t\t\t\t\t\t<div class=\"de_testi_by\">\n\t\t\t\t\t\t\t\t\t\t\t\t\t\t<div class=\"de_testi_company\">\n\t\t\t\t\t\t\t\t<strong>Oscar del Amo<\/strong>, Customer\t\t\t\t\t\t\t<\/div>\n\t\t\t\t\t\t<\/div>\n\t\t\t\t\t<\/blockquote>\t\t\t\t\t\n\t\t\t\t<\/div>\n\t\t\t<\/div>     \n\t\t\t\t\n\t<\/div>\n[\/vc_column][\/vc_row][vc_row fullwidth=&#8221;yes&#8221; css=&#8221;.vc_custom_1442204580531{padding-top: 60px !important;padding-bottom: 60px !important;}&#8221; el_class=&#8221;call-to-action bg-color text-center&#8221;][vc_column]\t\t\t\n\t<!-- Element: OT Button --> \n\t\t\t<a href=\"index.php\/contact\/\" target=\"_self\" class=\"btn btn-line-black btn-big  \">GET QUOTATION<\/a>\n\t    \n[\/vc_column][\/vc_row]<\/p>\n","protected":false},"excerpt":{"rendered":"<p>[vc_row][vc_column][vc_column_text]w[\/vc_column_text][\/vc_column][\/vc_row][vc_row fullwidth=&#8221;yes&#8221; css=&#8221;.vc_custom_1474447018555{background-position: 0 0 !important;background-repeat: no-repeat !important;}&#8221; el_class=&#8221;side-bg no-padding&#8221;][vc_column][\/vc_column][\/vc_row][vc_row css=&#8221;.vc_custom_1495705952142{padding-top: 90px !important;padding-bottom: 90px !important;background-image: url(http:\/\/dev.mysunset.es\/wp-content\/uploads\/2015\/10\/bg-3.jpg?id=815) !important;background-position: center !important;background-repeat: no-repeat !important;background-size: cover !important;}&#8221; el_class=&#8221;text-light bg-fixed&#8221;][vc_column animate=&#8221;fadeinup&#8221;][\/vc_column][\/vc_row][vc_row][vc_column][\/vc_column][\/vc_row][vc_row fullwidth=&#8221;yes&#8221; css=&#8221;.vc_custom_1442204580531{padding-top: 60px !important;padding-bottom: 60px !important;}&#8221; el_class=&#8221;call-to-action bg-color text-center&#8221;][vc_column][\/vc_column][\/vc_row]<\/p>\n","protected":false},"author":1,"featured_media":0,"parent":0,"menu_order":0,"comment_status":"open","ping_status":"open","template":"page-templates\/template-fullwidth.php","meta":[],"_links":{"self":[{"href":"https:\/\/www.mysunsetprojects.com\/index.php\/wp-json\/wp\/v2\/pages\/1825"}],"collection":[{"href":"https:\/\/www.mysunsetprojects.com\/index.php\/wp-json\/wp\/v2\/pages"}],"about":[{"href":"https:\/\/www.mysunsetprojects.com\/index.php\/wp-json\/wp\/v2\/types\/page"}],"author":[{"embeddable":true,"href":"https:\/\/www.mysunsetprojects.com\/index.php\/wp-json\/wp\/v2\/users\/1"}],"replies":[{"embeddable":true,"href":"https:\/\/www.mysunsetprojects.com\/index.php\/wp-json\/wp\/v2\/comments?post=1825"}],"version-history":[{"count":29,"href":"https:\/\/www.mysunsetprojects.com\/index.php\/wp-json\/wp\/v2\/pages\/1825\/revisions"}],"predecessor-version":[{"id":2434,"href":"https:\/\/www.mysunsetprojects.com\/index.php\/wp-json\/wp\/v2\/pages\/1825\/revisions\/2434"}],"wp:attachment":[{"href":"https:\/\/www.mysunsetprojects.com\/index.php\/wp-json\/wp\/v2\/media?parent=1825"}],"curies":[{"name":"wp","href":"https:\/\/api.w.org\/{rel}","templated":true}]}}